{"id":9,"date":"2025-09-29T19:12:21","date_gmt":"2025-09-29T19:12:21","guid":{"rendered":"https:\/\/thisisinner.com\/?page_id=9"},"modified":"2025-10-17T22:48:45","modified_gmt":"2025-10-17T22:48:45","slug":"about","status":"publish","type":"page","link":"https:\/\/thisisinner.com\/?page_id=9","title":{"rendered":"Hakk\u0131m\u0131zda"},"content":{"rendered":"\n<h2 class=\"wp-block-heading has-large-font-size\" id=\"inspiro-is-a-digital-product-agency-that-focuses-on-strategy-and-design\" style=\"font-style:normal;font-weight:100\">Her markan\u0131n i\u00e7inde bir \u201c\u00f6z\u201d vard\u0131r. Bizim i\u015fimiz, o \u00f6z\u00fc bulmak ve en yarat\u0131c\u0131 \u015fekilde g\u00f6r\u00fcn\u00fcr k\u0131lmak.<\/h2>\n\n\n\n<div class=\"wp-block-columns is-layout-flex wp-container-core-columns-is-layout-28f84493 wp-block-columns-is-layout-flex\">\n<div class=\"wp-block-column is-layout-flow wp-block-column-is-layout-flow\" style=\"flex-basis:100%\">\n<p class=\"has-primary-color has-text-color has-link-color wp-elements-287a075b7989440b6534b77b6d4716e3\">Inner, markalara standart paketler sunan bir ajans de\u011fil <sup><\/sup>; markalar\u0131n vizyonuna ortak olan, yarat\u0131c\u0131 \u00e7\u00f6z\u00fcmler \u00fcreten bir <strong>i\u015f orta\u011f\u0131d\u0131r<\/strong><sup><\/sup>. Bizler, markalar\u0131n ekibine dahil oluyor <sup><\/sup>, her markan\u0131n kendi \u00f6z\u00fcne ve ihtiya\u00e7lar\u0131na dair \u00f6zel \u00e7\u00f6z\u00fcmler geli\u015ftiriyoruz<sup><\/sup>. Amac\u0131m\u0131z sadece y\u00f6netmek de\u011fil, <strong>birlikte \u00fcretmek, b\u00fcy\u00fcmek ve geli\u015fmek<\/strong><sup><\/sup>.<\/p>\n\n\n\n<p class=\"has-primary-color has-text-color has-link-color wp-elements-1abe15c3bdb78ff5fd63665a5bae8900\">Markalar\u0131n kalbinde, genellikle g\u00f6r\u00fcnmeyen ama hissedilen bir i\u00e7 ses vard\u0131r. O sesi duymak, o sesi anlamak ve onu d\u00fcnyaya do\u011fru dille aktarmak bizim uzmanl\u0131k alan\u0131m\u0131zd\u0131r. Bu y\u00fczden, ajans hiyerar\u015fisinden uzak , sizlerle ayn\u0131 masada oturan, ayn\u0131 heyecan\u0131 hisseden, ger\u00e7ekten ortakl\u0131k bilinciyle hareket eden bir yap\u0131 kurduk. Her projeye haz\u0131r kal\u0131plarla de\u011fil, yeni bir ke\u015fif yolculu\u011fu olarak yakla\u015f\u0131yor; yarat\u0131c\u0131l\u0131\u011f\u0131m\u0131z\u0131 stratejik bir bi\u00e7imde, sizlere ve hedeflerinize aktar\u0131yoruz. \u00c7\u00fcnk\u00fc biz, markalar\u0131n sadece &#8216;ileti\u015fim yapan&#8217; de\u011fil, <strong>&#8216;hikaye anlatan&#8217;<\/strong> varl\u0131klara d\u00f6n\u00fc\u015fmesine rehberlik etmeyi ama\u00e7l\u0131yoruz. Amac\u0131m\u0131z, markay\u0131 kendi \u00f6z\u00fcyle hizalamak ve en g\u00fc\u00e7l\u00fc y\u00f6nlerini parlatarak hedef kitlesiyle daha derin bir ba\u011f kurmas\u0131n\u0131 sa\u011flamakt\u0131r.<\/p>\n<\/div>\n<\/div>\n\n\n\n<div style=\"height:100px\" aria-hidden=\"true\" class=\"wp-block-spacer\"><\/div>\n\n\n\n<h2 class=\"wp-block-heading\">Hikayemiz<\/h2>\n\n\n\n<div class=\"wp-block-columns alignwide is-layout-flex wp-container-core-columns-is-layout-28f84493 wp-block-columns-is-layout-flex\">\n<div class=\"wp-block-column is-layout-flow wp-block-column-is-layout-flow\">\n<div class=\"wp-block-cover\" style=\"min-height:249px;aspect-ratio:unset;\"><img loading=\"lazy\" decoding=\"async\" width=\"1024\" height=\"785\" class=\"wp-block-cover__image-background wp-image-143\" alt=\"\" src=\"https:\/\/thisisinner.com\/wp-content\/uploads\/2025\/10\/image-10-e1760738077366.png\" data-object-fit=\"cover\" srcset=\"https:\/\/thisisinner.com\/wp-content\/uploads\/2025\/10\/image-10-e1760738077366.png 1024w, https:\/\/thisisinner.com\/wp-content\/uploads\/2025\/10\/image-10-e1760738077366-300x230.png 300w, https:\/\/thisisinner.com\/wp-content\/uploads\/2025\/10\/image-10-e1760738077366-768x589.png 768w\" sizes=\"auto, (max-width: 1024px) 100vw, 1024px\" \/><span aria-hidden=\"true\" class=\"wp-block-cover__background has-primary-background-color has-background-dim-30 has-background-dim\"><\/span><div class=\"wp-block-cover__inner-container is-layout-flow wp-block-cover-is-layout-flow\">\n<p class=\"has-text-align-center has-large-font-size\"><\/p>\n<\/div><\/div>\n\n\n\n<p class=\"has-text-color\" style=\"color:#7a7a7a\">Esnek, samimi ve \u00f6zg\u00fcn bir dan\u0131\u015fmanl\u0131k modeli yaratma fikrinden g\u00fc\u00e7 alarak do\u011fduk; markalar\u0131n yan\u0131nda sadece bir hizmet sa\u011flay\u0131c\u0131 olarak de\u011fil, yol arkada\u015f\u0131 olarak yer almak i\u00e7in yola \u00e7\u0131kt\u0131k.<\/p>\n<\/div>\n\n\n\n<div class=\"wp-block-column is-layout-flow wp-block-column-is-layout-flow\">\n<div class=\"wp-block-cover\" style=\"min-height:249px;aspect-ratio:unset;\"><img loading=\"lazy\" decoding=\"async\" width=\"1024\" height=\"812\" class=\"wp-block-cover__image-background wp-image-145\" alt=\"\" src=\"https:\/\/thisisinner.com\/wp-content\/uploads\/2025\/10\/image-11-e1760738147687.png\" data-object-fit=\"cover\" srcset=\"https:\/\/thisisinner.com\/wp-content\/uploads\/2025\/10\/image-11-e1760738147687.png 1024w, https:\/\/thisisinner.com\/wp-content\/uploads\/2025\/10\/image-11-e1760738147687-300x238.png 300w, https:\/\/thisisinner.com\/wp-content\/uploads\/2025\/10\/image-11-e1760738147687-768x609.png 768w\" sizes=\"auto, (max-width: 1024px) 100vw, 1024px\" \/><span aria-hidden=\"true\" class=\"wp-block-cover__background has-primary-background-color has-background-dim-30 has-background-dim\"><\/span><div class=\"wp-block-cover__inner-container is-layout-flow wp-block-cover-is-layout-flow\">\n<p class=\"has-text-align-center has-large-font-size\"><\/p>\n<\/div><\/div>\n\n\n\n<p class=\"has-text-color\" style=\"color:#7a7a7a\">Ajans hiyerar\u015fisinden uzak, markalarla birlikte d\u00fc\u015f\u00fcnen, \u00fcreten ve ger\u00e7ekten ortakl\u0131k bilinciyle hareket eden bir yap\u0131 kurduk.<\/p>\n<\/div>\n\n\n\n<div class=\"wp-block-column is-layout-flow wp-block-column-is-layout-flow\">\n<div class=\"wp-block-cover\" style=\"min-height:249px;aspect-ratio:unset;\"><img loading=\"lazy\" decoding=\"async\" width=\"1024\" height=\"937\" class=\"wp-block-cover__image-background wp-image-146\" alt=\"\" src=\"https:\/\/thisisinner.com\/wp-content\/uploads\/2025\/10\/image-12-e1760738284170.png\" data-object-fit=\"cover\" srcset=\"https:\/\/thisisinner.com\/wp-content\/uploads\/2025\/10\/image-12-e1760738284170.png 1024w, https:\/\/thisisinner.com\/wp-content\/uploads\/2025\/10\/image-12-e1760738284170-300x275.png 300w, https:\/\/thisisinner.com\/wp-content\/uploads\/2025\/10\/image-12-e1760738284170-768x703.png 768w\" sizes=\"auto, (max-width: 1024px) 100vw, 1024px\" \/><span aria-hidden=\"true\" class=\"wp-block-cover__background has-primary-background-color has-background-dim-30 has-background-dim\"><\/span><div class=\"wp-block-cover__inner-container is-layout-flow wp-block-cover-is-layout-flow\">\n<p class=\"has-text-align-center has-large-font-size\"><\/p>\n<\/div><\/div>\n\n\n\n<p class=\"has-text-color\" style=\"color:#7a7a7a\">Amac\u0131m\u0131z; markalar\u0131n \u00f6z\u00fcn\u00fc parlatmak, kimliklerini en do\u011fru \u015fekilde yans\u0131tmak ve seslerini hedef kitlelerine daha g\u00fc\u00e7l\u00fc bir \u015fekilde duyurmak.<\/p>\n<\/div>\n<\/div>\n\n\n\n<div style=\"height:100px\" aria-hidden=\"true\" class=\"wp-block-spacer\"><\/div>\n\n\n\n<div class=\"wp-block-cover alignfull\" style=\"padding-top:50px;padding-right:50px;padding-bottom:50px;padding-left:50px;min-height:316px;aspect-ratio:unset;\"><span aria-hidden=\"true\" class=\"wp-block-cover__background has-black-background-color has-background-dim-100 has-background-dim\"><\/span><div class=\"wp-block-cover__inner-container is-layout-flow wp-block-cover-is-layout-flow\">\n<div class=\"wp-block-columns are-vertically-aligned-center is-layout-flex wp-container-core-columns-is-layout-28f84493 wp-block-columns-is-layout-flex\">\n<div class=\"wp-block-column is-vertically-aligned-center is-layout-flow wp-block-column-is-layout-flow\" style=\"padding-top:20px;padding-right:0px;padding-bottom:20px;padding-left:0px\">\n<div class=\"wp-block-group is-content-justification-space-between is-nowrap is-layout-flex wp-container-core-group-is-layout-bb3dfb5c wp-block-group-is-layout-flex\">\n<div class=\"wp-block-group is-layout-flow wp-block-group-is-layout-flow\"><\/div>\n<\/div>\n<\/div>\n\n\n\n<div class=\"wp-block-column is-vertically-aligned-center is-layout-flow wp-block-column-is-layout-flow\" style=\"padding-top:20px;padding-right:0px;padding-bottom:20px;padding-left:0px\">\n<div class=\"wp-block-group is-content-justification-space-between is-nowrap is-layout-flex wp-container-core-group-is-layout-bb3dfb5c wp-block-group-is-layout-flex\">\n<div class=\"wp-block-group is-layout-flow wp-block-group-is-layout-flow\"><\/div>\n<\/div>\n<\/div>\n\n\n\n<div class=\"wp-block-column is-vertically-aligned-center is-layout-flow wp-block-column-is-layout-flow\" style=\"padding-top:20px;padding-right:0px;padding-bottom:20px;padding-left:0px\">\n<div class=\"wp-block-group is-content-justification-space-between is-nowrap is-layout-flex wp-container-core-group-is-layout-bb3dfb5c wp-block-group-is-layout-flex\">\n<div class=\"wp-block-group is-layout-flow wp-block-group-is-layout-flow\"><\/div>\n<\/div>\n<\/div>\n<\/div>\n<\/div><\/div>\n","protected":false},"excerpt":{"rendered":"<p>Her markan\u0131n i\u00e7inde bir \u201c\u00f6z\u201d vard\u0131r. Bizim i\u015fimiz, o \u00f6z\u00fc bulmak ve en yarat\u0131c\u0131 \u015fekilde g\u00f6r\u00fcn\u00fcr k\u0131lmak. Inner, markalara standart paketler sunan bir ajans de\u011fil ; markalar\u0131n vizyonuna ortak olan, yarat\u0131c\u0131 \u00e7\u00f6z\u00fcmler \u00fcreten bir i\u015f orta\u011f\u0131d\u0131r. Bizler, markalar\u0131n ekibine dahil oluyor , her markan\u0131n kendi \u00f6z\u00fcne ve ihtiya\u00e7lar\u0131na dair \u00f6zel \u00e7\u00f6z\u00fcmler geli\u015ftiriyoruz. Amac\u0131m\u0131z sadece y\u00f6netmek &hellip; <\/p>\n<p class=\"link-more\"><a href=\"https:\/\/thisisinner.com\/?page_id=9\" class=\"more-link\">Read more<span class=\"screen-reader-text\"> &#8220;Hakk\u0131m\u0131zda&#8221;<\/span><\/a><\/p>\n","protected":false},"author":1,"featured_media":125,"parent":0,"menu_order":0,"comment_status":"closed","ping_status":"closed","template":"","meta":{"footnotes":""},"class_list":["post-9","page","type-page","status-publish","has-post-thumbnail","hentry"],"_links":{"self":[{"href":"https:\/\/thisisinner.com\/index.php?rest_route=\/wp\/v2\/pages\/9","targetHints":{"allow":["GET"]}}],"collection":[{"href":"https:\/\/thisisinner.com\/index.php?rest_route=\/wp\/v2\/pages"}],"about":[{"href":"https:\/\/thisisinner.com\/index.php?rest_route=\/wp\/v2\/types\/page"}],"author":[{"embeddable":true,"href":"https:\/\/thisisinner.com\/index.php?rest_route=\/wp\/v2\/users\/1"}],"replies":[{"embeddable":true,"href":"https:\/\/thisisinner.com\/index.php?rest_route=%2Fwp%2Fv2%2Fcomments&post=9"}],"version-history":[{"count":5,"href":"https:\/\/thisisinner.com\/index.php?rest_route=\/wp\/v2\/pages\/9\/revisions"}],"predecessor-version":[{"id":193,"href":"https:\/\/thisisinner.com\/index.php?rest_route=\/wp\/v2\/pages\/9\/revisions\/193"}],"wp:featuredmedia":[{"embeddable":true,"href":"https:\/\/thisisinner.com\/index.php?rest_route=\/wp\/v2\/media\/125"}],"wp:attachment":[{"href":"https:\/\/thisisinner.com\/index.php?rest_route=%2Fwp%2Fv2%2Fmedia&parent=9"}],"curies":[{"name":"wp","href":"https:\/\/api.w.org\/{rel}","templated":true}]}}