{"id":85,"date":"2025-10-14T12:31:41","date_gmt":"2025-10-14T12:31:41","guid":{"rendered":"https:\/\/thisisinner.com\/?page_id=85"},"modified":"2025-10-17T22:53:29","modified_gmt":"2025-10-17T22:53:29","slug":"hizmetlerimiz","status":"publish","type":"page","link":"https:\/\/thisisinner.com\/?page_id=85","title":{"rendered":"Hizmetlerimiz"},"content":{"rendered":"\n<p class=\"has-primary-color has-text-color has-link-color wp-elements-65d1d26b8a981dadc972f53a47c90bb4\">Inner&#8217;da hizmet alanlar\u0131m\u0131z, kat\u0131 <strong>s\u0131n\u0131rlarla de\u011fil, markan\u0131z\u0131n ger\u00e7ek ihtiya\u00e7lar\u0131yla \u015fekillenir<\/strong>. Biz, haz\u0131r paketler sunmak yerine, her projenin i\u00e7 sesini dinler ve markan\u0131n \u00f6z\u00fcn\u00fc en iyi \u015fekilde parlatacak \u00e7\u00f6z\u00fcmleri tasarlar\u0131z.<\/p>\n\n\n\n<hr class=\"wp-block-separator has-text-color has-primary-color has-alpha-channel-opacity has-primary-background-color has-background\"\/>\n\n\n\n<p class=\"has-primary-color has-text-color has-link-color wp-elements-a95d25b96f6f0fc20966e20a2432fd1b\">Bu yarat\u0131c\u0131 i\u015f orta\u011f\u0131 yolculu\u011fumuzda; <strong>Marka Kimli\u011fi ve Stratejik Y\u00f6nlendirmeden<\/strong> ba\u015flay\u0131p, <strong>Kreatif Konsept Geli\u015ftirmeye<\/strong> kadar uzanan geni\u015f bir yelpazede \u00e7al\u0131\u015f\u0131r\u0131z. Markan\u0131z\u0131n sesini hedef kitleye g\u00fc\u00e7l\u00fc bir \u015fekilde duyurmak i\u00e7in <strong>Influencer &amp; PR \u0130leti\u015fimini<\/strong> kullan\u0131r, hedef kitleyle en derin ba\u011f\u0131 kuracak <strong>Deneyimsel Pazarlama ve Marka Aktivasyonlar\u0131<\/strong> tasarlar\u0131z.<\/p>\n\n\n\n<hr class=\"wp-block-separator has-text-color has-primary-color has-alpha-channel-opacity has-primary-background-color has-background\"\/>\n\n\n\n<p class=\"has-primary-color has-text-color has-link-color wp-elements-50d1f693e34e0af0d00b7eac68e90247\">Amac\u0131m\u0131z, sundu\u011fumuz <strong>Dijital Strateji &amp; \u0130leti\u015fim<\/strong>, <strong>Etkinlik Y\u00f6netimi<\/strong>, <strong>Kriz Y\u00f6netimi<\/strong> ve <strong>Analitik<\/strong> hizmetlerinin her birini, markan\u0131z\u0131 kendi \u00f6z\u00fcyle hizalayarak sadece g\u00f6r\u00fcn\u00fcr k\u0131lmakla kalmay\u0131p, duygusal bir b\u00fct\u00fcnl\u00fck kazand\u0131rmakt\u0131r. Bizim i\u00e7in her hizmet, <strong>uzun vadeli marka hik\u00e2yeleri<\/strong> kurman\u0131n bir ad\u0131m\u0131d\u0131r.<\/p>\n\n\n\n<p><\/p>\n","protected":false},"excerpt":{"rendered":"<p>Inner&#8217;da hizmet alanlar\u0131m\u0131z, kat\u0131 s\u0131n\u0131rlarla de\u011fil, markan\u0131z\u0131n ger\u00e7ek ihtiya\u00e7lar\u0131yla \u015fekillenir. Biz, haz\u0131r paketler sunmak yerine, her projenin i\u00e7 sesini dinler ve markan\u0131n \u00f6z\u00fcn\u00fc en iyi \u015fekilde parlatacak \u00e7\u00f6z\u00fcmleri tasarlar\u0131z. Bu yarat\u0131c\u0131 i\u015f orta\u011f\u0131 yolculu\u011fumuzda; Marka Kimli\u011fi ve Stratejik Y\u00f6nlendirmeden ba\u015flay\u0131p, Kreatif Konsept Geli\u015ftirmeye kadar uzanan geni\u015f bir yelpazede \u00e7al\u0131\u015f\u0131r\u0131z. Markan\u0131z\u0131n sesini hedef kitleye g\u00fc\u00e7l\u00fc bir &hellip; <\/p>\n<p class=\"link-more\"><a href=\"https:\/\/thisisinner.com\/?page_id=85\" class=\"more-link\">Read more<span class=\"screen-reader-text\"> &#8220;Hizmetlerimiz&#8221;<\/span><\/a><\/p>\n","protected":false},"author":1,"featured_media":0,"parent":0,"menu_order":0,"comment_status":"closed","ping_status":"closed","template":"","meta":{"footnotes":""},"class_list":["post-85","page","type-page","status-publish","hentry"],"_links":{"self":[{"href":"https:\/\/thisisinner.com\/index.php?rest_route=\/wp\/v2\/pages\/85","targetHints":{"allow":["GET"]}}],"collection":[{"href":"https:\/\/thisisinner.com\/index.php?rest_route=\/wp\/v2\/pages"}],"about":[{"href":"https:\/\/thisisinner.com\/index.php?rest_route=\/wp\/v2\/types\/page"}],"author":[{"embeddable":true,"href":"https:\/\/thisisinner.com\/index.php?rest_route=\/wp\/v2\/users\/1"}],"replies":[{"embeddable":true,"href":"https:\/\/thisisinner.com\/index.php?rest_route=%2Fwp%2Fv2%2Fcomments&post=85"}],"version-history":[{"count":2,"href":"https:\/\/thisisinner.com\/index.php?rest_route=\/wp\/v2\/pages\/85\/revisions"}],"predecessor-version":[{"id":192,"href":"https:\/\/thisisinner.com\/index.php?rest_route=\/wp\/v2\/pages\/85\/revisions\/192"}],"wp:attachment":[{"href":"https:\/\/thisisinner.com\/index.php?rest_route=%2Fwp%2Fv2%2Fmedia&parent=85"}],"curies":[{"name":"wp","href":"https:\/\/api.w.org\/{rel}","templated":true}]}}