{"id":41,"date":"2025-10-13T22:28:10","date_gmt":"2025-10-13T22:28:10","guid":{"rendered":"https:\/\/thisisinner.com\/?page_id=41"},"modified":"2025-10-19T18:37:16","modified_gmt":"2025-10-19T18:37:16","slug":"biz-kimiz","status":"publish","type":"page","link":"https:\/\/thisisinner.com\/?page_id=41","title":{"rendered":"Neden Inner?"},"content":{"rendered":"\n<p class=\"has-primary-color has-text-color has-link-color wp-elements-4d09b0f6d8bccc63e0f1cfe31d3024ad\">Neden Inner? Klasik Bir Ajans De\u011fil, Yarat\u0131c\u0131 Bir Yol Arkada\u015f\u0131. Inner olarak biz, markalarla kurulan ili\u015fkinin sadece bir hizmet al\u0131\u015fveri\u015finden ibaret olmad\u0131\u011f\u0131na inan\u0131yoruz. Biz, markalar\u0131n vizyonuna ortak olan, yarat\u0131c\u0131 \u00e7\u00f6z\u00fcmler \u00fcreten bir i\u015f orta\u011f\u0131y\u0131z. Kurulu\u015f hik\u00e2yemiz, esnek, samimi ve \u00f6zg\u00fcn bir dan\u0131\u015fmanl\u0131k modeli yaratma fikrinden g\u00fc\u00e7 alarak do\u011fdu; amac\u0131m\u0131z, markalar\u0131n yan\u0131nda sadece bir hizmet sa\u011flay\u0131c\u0131 olarak de\u011fil, ger\u00e7ek bir yol arkada\u015f\u0131 olarak yer almakt\u0131r.<\/p>\n\n\n\n<p class=\"has-primary-color has-text-color has-link-color wp-elements-ec88992b7d8d919707c14c4ee03e7d8b\">Inner olarak biz, markalarla kurulan ili\u015fkinin sadece bir hizmet al\u0131\u015fveri\u015finden ibaret olmad\u0131\u011f\u0131na inan\u0131yoruz. <strong>Biz, markalar\u0131n vizyonuna ortak olan, yarat\u0131c\u0131 \u00e7\u00f6z\u00fcmler \u00fcreten bir i\u015f orta\u011f\u0131y\u0131z.<\/strong> Kurulu\u015f hik\u00e2yemiz, esnek, samimi ve \u00f6zg\u00fcn bir dan\u0131\u015fmanl\u0131k modeli yaratma fikrinden g\u00fc\u00e7 alarak do\u011fdu; amac\u0131m\u0131z, markalar\u0131n yan\u0131nda sadece bir hizmet sa\u011flay\u0131c\u0131 olarak de\u011fil, ger\u00e7ek bir <strong>yol arkada\u015f\u0131<\/strong> olarak yer almakt\u0131r.<\/p>\n\n\n\n<hr class=\"wp-block-separator has-text-color has-primary-color has-alpha-channel-opacity has-primary-background-color has-background\"\/>\n\n\n\n<h4 class=\"wp-block-heading has-primary-color has-text-color has-link-color wp-elements-30c18f5c40a0df2d6c4f972090d5bb7e\"><strong>1. Ortak \u00dcretim Bilinci: Hiyerar\u015fiden Uzak, E\u015fit Bir Masa<\/strong><\/h4>\n\n\n\n<p class=\"has-primary-color has-text-color has-link-color wp-elements-c605faf169545eef008f54a1d7df9e88\">Di\u011fer ajanslardan farkl\u0131 olarak, sizlere daha yak\u0131n ve ilgili bir yakla\u015f\u0131mla hizmet veriyoruz. Bizim i\u00e7in markalarla kurulan ili\u015fki, bir <strong>&#8220;m\u00fc\u015fteri-ajans&#8221;<\/strong> ili\u015fkisi de\u011fil, tam anlam\u0131yla bir ortak \u00fcretim s\u00fcrecidir.<\/p>\n\n\n\n<ul class=\"wp-block-list\">\n<li class=\"has-primary-color has-text-color has-link-color wp-elements-7537424ec6133d2db1b508227af94793\"><strong>Ekibe Dahiliz:<\/strong> Ajans hiyerar\u015fisinden uzak, markalarla birlikte d\u00fc\u015f\u00fcnen, \u00fcreten ve ger\u00e7ekten <strong>ortakl\u0131k bilinciyle<\/strong> hareket eden bir yap\u0131 kurduk. Bizler, markalar\u0131n ekibine dahil oluyor, ayn\u0131 heyecan\u0131 hissediyor ve birlikte b\u00fcy\u00fcy\u00fcp geli\u015fmeyi hedefliyoruz.<\/li>\n\n\n\n<li class=\"has-primary-color has-text-color has-link-color wp-elements-5da62ba68db910cb379c434ffc1e7caf\"><strong>Dinleme &amp; Sezgi:<\/strong> S\u00fcrecimiz, markan\u0131z\u0131 ve ihtiya\u00e7lar\u0131n\u0131z\u0131 en iyi \u015fekilde anlamaya \u00f6zen g\u00f6stermekle ba\u015flar. Dinleriz, hissederiz, birlikte d\u00fc\u015f\u00fcn\u00fcr\u00fcz. Bu sayede, her projede en y\u00fcksek ba\u015far\u0131y\u0131 hedefleyen, \u00e7\u00f6z\u00fcm odakl\u0131 \u00e7al\u0131\u015fmalar \u00fcretebiliyoruz.<\/li>\n<\/ul>\n\n\n\n<hr class=\"wp-block-separator has-text-color has-primary-color has-alpha-channel-opacity has-primary-background-color has-background\"\/>\n\n\n\n<h4 class=\"wp-block-heading has-primary-color has-text-color has-link-color wp-elements-e351d85915b5a8172437d74da1a0bd40\"><strong>2. Markan\u0131n \u00d6z Ke\u015ffi: Yarat\u0131c\u0131l\u0131k Sezgisel Bir Dokunu\u015ftur<\/strong><\/h4>\n\n\n\n<p class=\"has-primary-color has-text-color has-link-color wp-elements-e531d8f04e0962bb6dfabf34fe668742\">Her markan\u0131n i\u00e7inde, genellikle g\u00f6r\u00fcnmeyen ama hissedilen bir <strong>\u201c\u00f6z\u201d<\/strong> vard\u0131r. Bizim i\u015fimiz, o \u00f6z\u00fc bulmak ve en yarat\u0131c\u0131 \u015fekilde g\u00f6r\u00fcn\u00fcr k\u0131lmakt\u0131r.<\/p>\n\n\n\n<ul class=\"wp-block-list\">\n<li class=\"has-primary-color has-text-color has-link-color wp-elements-cb9e953866fa2f8a387e28a3ee99111d\"><strong>\u00d6zel \u00c7\u00f6z\u00fcmler:<\/strong> Haz\u0131r paketler, kal\u0131pla\u015fm\u0131\u015f \u00e7\u00f6z\u00fcmler veya tekrarlayan fikirler Inner&#8217;da yer bulmaz. Her marka i\u00e7in ayr\u0131 bir d\u00fc\u015f\u00fcnce evreni kurar\u0131z, \u00e7\u00fcnk\u00fc bizce \u00f6z her markada farkl\u0131d\u0131r. Markan\u0131n kendi \u00f6z\u00fcne ve ihtiya\u00e7lar\u0131na dair \u00f6zel \u00e7\u00f6z\u00fcmler geli\u015ftiririz.<\/li>\n\n\n\n<li class=\"has-primary-color has-text-color has-link-color wp-elements-8d41cd90cf796d15eef7bdaf87c63bf3\"><strong>Psikoloji ve \u0130leti\u015fim:<\/strong> Yarat\u0131c\u0131l\u0131k sadece fikir \u00fcretmek de\u011fil, markan\u0131n i\u00e7 d\u00fcnyas\u0131na <strong>sezgisel bir bi\u00e7imde dokunabilmektir<\/strong>. Bu y\u00fczden pazarlama psikolojisi ve n\u00f6romarketing alan\u0131ndaki bilgi birikimimiz kadar, insana dair derin bir sezgiyi de kullan\u0131r\u0131z. Yakla\u015f\u0131m\u0131m\u0131z; i\u00e7g\u00f6r\u00fcyle sezgiyi, stratejiyle duyguyu bulu\u015fturur.<\/li>\n<\/ul>\n\n\n\n<hr class=\"wp-block-separator has-text-color has-primary-color has-alpha-channel-opacity has-primary-background-color has-background\"\/>\n\n\n\n<h4 class=\"wp-block-heading has-primary-color has-text-color has-link-color wp-elements-a8b08177759696b1b5778491f9888fa5\"><strong>3. Vizyonumuz: Uzun Vadeli Marka Hikayeleri<\/strong><\/h4>\n\n\n\n<p class=\"has-primary-color has-text-color has-link-color wp-elements-f98f584e7a9cfb20e3c54aae1105c17a\">Amac\u0131m\u0131z; markalar\u0131n \u00f6z\u00fcn\u00fc parlatmak, kimliklerini en do\u011fru \u015fekilde yans\u0131tmak ve seslerini hedef kitlelerine daha g\u00fc\u00e7l\u00fc bir \u015fekilde duyurmakt\u0131r.<\/p>\n\n\n\n<ul class=\"wp-block-list\">\n<li class=\"has-primary-color has-text-color has-link-color wp-elements-c13fdc3d7d3244d966966913ffa23ca2\"><strong>Hikaye Anlat\u0131c\u0131l\u0131\u011f\u0131:<\/strong> Biz, markalar\u0131n sadece <strong>&#8220;ileti\u015fim yapan&#8221;<\/strong> de\u011fil, <strong>&#8220;hikaye anlatan&#8221;<\/strong> varl\u0131klara d\u00f6n\u00fc\u015fmesine rehberlik etmeyi ama\u00e7l\u0131yoruz. Y\u00fczeyde parlayan kampanyalar\u0131n \u00f6tesine ge\u00e7erek, markan\u0131n b\u0131rakt\u0131\u011f\u0131 duygudan emin olmaya \u00e7al\u0131\u015f\u0131yoruz.<\/li>\n\n\n\n<li class=\"has-primary-color has-text-color has-link-color wp-elements-9d34c5d70a589584c371a19bb0dede6c\"><strong>Kal\u0131c\u0131 Etki:<\/strong> Inner, k\u0131sa vadeli kampanyalar de\u011fil, <strong>uzun vadeli marka hik\u00e2yeleri<\/strong> kurmay\u0131 hedefler. Yarat\u0131c\u0131l\u0131\u011f\u0131m\u0131z\u0131, stratejik bir bi\u00e7imde, sizlere ve projelerinize aktararak, markan\u0131z\u0131n duygusal b\u00fct\u00fcnl\u00fc\u011f\u00fcn\u00fc korur ve kal\u0131c\u0131 bir de\u011fer yarat\u0131r\u0131z.<\/li>\n<\/ul>\n\n\n\n<p class=\"has-primary-color has-text-color has-link-color wp-elements-e940c287466ad11c4336cbfb813a5719\"><strong>Neden Inner?<\/strong> \u00c7\u00fcnk\u00fc biz sadece bir marka dan\u0131\u015fmanl\u0131\u011f\u0131 de\u011filiz; bir fikir laboratuvar\u0131, bir sezgi alan\u0131 ve bir yarat\u0131c\u0131 zihin kolektifiyiz. Her markan\u0131n i\u00e7inde bir <strong>Inner<\/strong> vard\u0131r; bizim i\u015fimiz, o sesi duyurmakt\u0131r.<\/p>\n\n\n\n<p><\/p>\n","protected":false},"excerpt":{"rendered":"<p>Neden Inner? Klasik Bir Ajans De\u011fil, Yarat\u0131c\u0131 Bir Yol Arkada\u015f\u0131. Inner olarak biz, markalarla kurulan ili\u015fkinin sadece bir hizmet al\u0131\u015fveri\u015finden ibaret olmad\u0131\u011f\u0131na inan\u0131yoruz. Biz, markalar\u0131n vizyonuna ortak olan, yarat\u0131c\u0131 \u00e7\u00f6z\u00fcmler \u00fcreten bir i\u015f orta\u011f\u0131y\u0131z. Kurulu\u015f hik\u00e2yemiz, esnek, samimi ve \u00f6zg\u00fcn bir dan\u0131\u015fmanl\u0131k modeli yaratma fikrinden g\u00fc\u00e7 alarak do\u011fdu; amac\u0131m\u0131z, markalar\u0131n yan\u0131nda sadece bir hizmet sa\u011flay\u0131c\u0131 &hellip; <\/p>\n<p class=\"link-more\"><a href=\"https:\/\/thisisinner.com\/?page_id=41\" class=\"more-link\">Read more<span class=\"screen-reader-text\"> &#8220;Neden Inner?&#8221;<\/span><\/a><\/p>\n","protected":false},"author":1,"featured_media":0,"parent":0,"menu_order":0,"comment_status":"closed","ping_status":"closed","template":"","meta":{"footnotes":""},"class_list":["post-41","page","type-page","status-publish","hentry"],"_links":{"self":[{"href":"https:\/\/thisisinner.com\/index.php?rest_route=\/wp\/v2\/pages\/41","targetHints":{"allow":["GET"]}}],"collection":[{"href":"https:\/\/thisisinner.com\/index.php?rest_route=\/wp\/v2\/pages"}],"about":[{"href":"https:\/\/thisisinner.com\/index.php?rest_route=\/wp\/v2\/types\/page"}],"author":[{"embeddable":true,"href":"https:\/\/thisisinner.com\/index.php?rest_route=\/wp\/v2\/users\/1"}],"replies":[{"embeddable":true,"href":"https:\/\/thisisinner.com\/index.php?rest_route=%2Fwp%2Fv2%2Fcomments&post=41"}],"version-history":[{"count":5,"href":"https:\/\/thisisinner.com\/index.php?rest_route=\/wp\/v2\/pages\/41\/revisions"}],"predecessor-version":[{"id":298,"href":"https:\/\/thisisinner.com\/index.php?rest_route=\/wp\/v2\/pages\/41\/revisions\/298"}],"wp:attachment":[{"href":"https:\/\/thisisinner.com\/index.php?rest_route=%2Fwp%2Fv2%2Fmedia&parent=41"}],"curies":[{"name":"wp","href":"https:\/\/api.w.org\/{rel}","templated":true}]}}