{"id":40,"date":"2025-10-13T22:28:10","date_gmt":"2025-10-13T22:28:10","guid":{"rendered":"https:\/\/thisisinner.com\/?page_id=40"},"modified":"2025-10-19T18:31:59","modified_gmt":"2025-10-19T18:31:59","slug":"katalog-sunumu","status":"publish","type":"page","link":"https:\/\/thisisinner.com\/?page_id=40","title":{"rendered":"Katalog Sunumu"},"content":{"rendered":"\n<p class=\"has-primary-color has-text-color has-link-color wp-elements-07150fd5492a7d29a676cd9ec89a25a8\">Inner olarak biz, y\u00fczeysel kampanyalar\u0131n \u00f6tesine ge\u00e7en, <strong>derinlemesine bir yolculu\u011fa<\/strong> inan\u0131yoruz. Markalar\u0131n sadece daha \u00e7ok g\u00f6r\u00fcnmesini de\u011fil, <strong>daha derin hissedilmesini<\/strong> isteyen bir vizyonla hareket ediyoruz. Bu vizyonun arkas\u0131nda, pazarlama psikolojisi ve n\u00f6romarketing alan\u0131ndaki bilgi birikimimiz kadar, insana dair derin bir sezgi de var. \u00c7\u00fcnk\u00fc bizce markalar, t\u0131pk\u0131 insanlar gibidir; duygular\u0131yla var olurlar ve biz, o duygular\u0131 bilimle anlamland\u0131r\u0131p sanatla ifade etmeye \u00e7al\u0131\u015f\u0131yoruz.<\/p>\n\n\n\n<hr class=\"wp-block-separator has-text-color has-primary-color has-alpha-channel-opacity has-primary-background-color has-background\"\/>\n\n\n\n<p class=\"has-primary-color has-text-color has-link-color wp-elements-9a2861706334f4e56fd93ee558535d70\">Bu sunumda g\u00f6rece\u011finiz gibi, her projeyi birbirinin ayn\u0131s\u0131 olmayan bir <strong>ke\u015fif yolculu\u011fu<\/strong> olarak ele al\u0131yoruz. Haz\u0131r paketler, kal\u0131pla\u015fm\u0131\u015f \u00e7\u00f6z\u00fcmler veya tekrarlayan fikirler bizde yer bulmaz; \u00e7\u00fcnk\u00fc bizce \u00f6z her markada farkl\u0131d\u0131r.<\/p>\n\n\n\n<hr class=\"wp-block-separator has-text-color has-primary-color has-alpha-channel-opacity has-primary-background-color has-background\"\/>\n\n\n\n<p class=\"has-primary-color has-text-color has-link-color wp-elements-43c5334c21552d91b1f9b8cdf6a6476f\">Yakla\u015f\u0131m\u0131m\u0131z, markalarla &#8216;m\u00fc\u015fteri-ajans&#8217; ili\u015fkisi kurmak yerine, <strong>bir ortak \u00fcretim s\u00fcrecine<\/strong> girmektir. Dinleriz, hissederiz, birlikte d\u00fc\u015f\u00fcn\u00fcr\u00fcz. Bu s\u00fcre\u00e7te markan\u0131n ge\u00e7mi\u015fini, hedeflerini, de\u011ferlerini ve duygusal tonunu analiz ederiz. Ard\u0131ndan bu analizleri sezgisel bir yarat\u0131c\u0131l\u0131kla birle\u015ftirir, markaya en uygun dili, hissi ve g\u00f6r\u00fcn\u00fcm\u00fc tasarlar\u0131z. Amac\u0131m\u0131z; i\u00e7g\u00f6r\u00fcyle sezgiyi, stratejiyle duyguyu, bilimle sanat\u0131 bulu\u015fturarak markan\u0131z\u0131n kalbindeki &#8216;i\u00e7 sesi&#8217; buldurmak ve o sesi d\u00fcnyaya do\u011fru dille anlatmakt\u0131r.<\/p>\n\n\n\n<hr class=\"wp-block-separator has-text-color has-primary-color has-alpha-channel-opacity has-primary-background-color has-background\"\/>\n\n\n\n<div data-wp-interactive=\"core\/file\" class=\"wp-block-file has-link-color wp-elements-0b35970fe93a32649e2e3060561874f9\" style=\"margin-top:var(--wp--preset--spacing--medium);margin-bottom:var(--wp--preset--spacing--medium)\"><object data-wp-bind--hidden=\"!state.hasPdfPreview\" hidden class=\"wp-block-file__embed\" data=\"https:\/\/thisisinner.com\/wp-content\/uploads\/2025\/10\/Inner-Ajans-Katalog-Sunumu-1.pdf\" type=\"application\/pdf\" style=\"width:100%;height:600px\" aria-label=\"Embed of Inner Ajans Katalog Sunumu.\"><\/object><a id=\"wp-block-file--media-747e8d0a-67e8-45da-8a27-370c20bb08f9\" href=\"https:\/\/thisisinner.com\/wp-content\/uploads\/2025\/10\/Inner-Ajans-Katalog-Sunumu-1.pdf\">Inner Ajans Katalog Sunumu<\/a><a href=\"https:\/\/thisisinner.com\/wp-content\/uploads\/2025\/10\/Inner-Ajans-Katalog-Sunumu-1.pdf\" class=\"wp-block-file__button wp-element-button\" download aria-describedby=\"wp-block-file--media-747e8d0a-67e8-45da-8a27-370c20bb08f9\"><mark style=\"background-color:rgba(0, 0, 0, 0)\" class=\"has-inline-color has-secondary-color\">Download<\/mark><\/a><\/div>\n\n\n\n<p><\/p>\n","protected":false},"excerpt":{"rendered":"<p>Inner olarak biz, y\u00fczeysel kampanyalar\u0131n \u00f6tesine ge\u00e7en, derinlemesine bir yolculu\u011fa inan\u0131yoruz. Markalar\u0131n sadece daha \u00e7ok g\u00f6r\u00fcnmesini de\u011fil, daha derin hissedilmesini isteyen bir vizyonla hareket ediyoruz. Bu vizyonun arkas\u0131nda, pazarlama psikolojisi ve n\u00f6romarketing alan\u0131ndaki bilgi birikimimiz kadar, insana dair derin bir sezgi de var. \u00c7\u00fcnk\u00fc bizce markalar, t\u0131pk\u0131 insanlar gibidir; duygular\u0131yla var olurlar ve biz, o &hellip; <\/p>\n<p class=\"link-more\"><a href=\"https:\/\/thisisinner.com\/?page_id=40\" class=\"more-link\">Read more<span class=\"screen-reader-text\"> &#8220;Katalog Sunumu&#8221;<\/span><\/a><\/p>\n","protected":false},"author":1,"featured_media":386,"parent":0,"menu_order":0,"comment_status":"closed","ping_status":"closed","template":"","meta":{"footnotes":""},"class_list":["post-40","page","type-page","status-publish","has-post-thumbnail","hentry"],"_links":{"self":[{"href":"https:\/\/thisisinner.com\/index.php?rest_route=\/wp\/v2\/pages\/40","targetHints":{"allow":["GET"]}}],"collection":[{"href":"https:\/\/thisisinner.com\/index.php?rest_route=\/wp\/v2\/pages"}],"about":[{"href":"https:\/\/thisisinner.com\/index.php?rest_route=\/wp\/v2\/types\/page"}],"author":[{"embeddable":true,"href":"https:\/\/thisisinner.com\/index.php?rest_route=\/wp\/v2\/users\/1"}],"replies":[{"embeddable":true,"href":"https:\/\/thisisinner.com\/index.php?rest_route=%2Fwp%2Fv2%2Fcomments&post=40"}],"version-history":[{"count":5,"href":"https:\/\/thisisinner.com\/index.php?rest_route=\/wp\/v2\/pages\/40\/revisions"}],"predecessor-version":[{"id":220,"href":"https:\/\/thisisinner.com\/index.php?rest_route=\/wp\/v2\/pages\/40\/revisions\/220"}],"wp:featuredmedia":[{"embeddable":true,"href":"https:\/\/thisisinner.com\/index.php?rest_route=\/wp\/v2\/media\/386"}],"wp:attachment":[{"href":"https:\/\/thisisinner.com\/index.php?rest_route=%2Fwp%2Fv2%2Fmedia&parent=40"}],"curies":[{"name":"wp","href":"https:\/\/api.w.org\/{rel}","templated":true}]}}