{"id":188,"date":"2025-10-17T22:53:59","date_gmt":"2025-10-17T22:53:59","guid":{"rendered":"https:\/\/thisisinner.com\/?page_id=188"},"modified":"2025-10-19T19:31:53","modified_gmt":"2025-10-19T19:31:53","slug":"8-2","status":"publish","type":"page","link":"https:\/\/thisisinner.com\/?page_id=188","title":{"rendered":"Dijital Strateji ve Analitik"},"content":{"rendered":"\n<h3 class=\"wp-block-heading\"><strong>Veriyi Sezgiyle Birle\u015ftirerek Markay\u0131 \u00d6z\u00fcyle H\u0131zlama<\/strong><\/h3>\n\n\n\n<p class=\"has-primary-color has-text-color has-link-color wp-elements-d51ea6779789a64eb073e6fffb9cc2d9\">Pazarlama psikolojisi ve n\u00f6romarketing alan\u0131ndaki bilgi birikimimizi kullanarak, markan\u0131n dijitaldeki yol haritas\u0131n\u0131 \u00e7izeriz. \u0130\u00e7g\u00f6r\u00fclerden beslenen bir y\u00f6n belirleyerek, markan\u0131n ihtiya\u00e7lar\u0131na uygun stratejiler geli\u015ftiriyoruz<sup><\/sup>. Stratejileri hayata ge\u00e7irerek somut ad\u0131mlar at\u0131yor ve elde edilen sonu\u00e7lar\u0131 d\u00fczenli olarak <strong>\u00f6l\u00e7\u00fcmleyerek geli\u015ftiriyoruz<\/strong><sup><\/sup>.<\/p>\n\n\n\n<p class=\"has-primary-color has-text-color has-link-color wp-elements-46525e25d537b248f795bb8bc159d128\">Amac\u0131m\u0131z, markay\u0131 kendi \u00f6z\u00fcyle hizalamak ve dijitalde sadece g\u00f6r\u00fcn\u00fcr de\u011fil, ayn\u0131 zamanda etkili ve verimli olmas\u0131n\u0131 sa\u011flamakt\u0131r. Y\u00fczeyde parlayan kampanyalar\u0131n \u00f6tesine ge\u00e7erek, markan\u0131n b\u0131rakt\u0131\u011f\u0131 duygudan emin olmaya \u00e7al\u0131\u015f\u0131yoruz. Bu s\u00fcre\u00e7te, haz\u0131r paketler sunmak yerine , bir ortakl\u0131k anlay\u0131\u015f\u0131yla hareket ederiz, \u00e7\u00fcnk\u00fc amac\u0131m\u0131z sadece y\u00f6netmek de\u011fil, <strong>birlikte \u00fcretmek, b\u00fcy\u00fcmek ve geli\u015fmektir<\/strong>. Bu sayede, k\u0131sa vadeli kampanyalar de\u011fil; markalar\u0131n &#8216;<strong>\u00f6z ke\u015ffi<\/strong>&#8216; denince akla gelen, uzun vadeli marka hik\u00e2yeleri kurmay\u0131 hedefliyoruz. Inner&#8217;\u0131n dijital stratejisi, bilimle sanat\u0131 bulu\u015fturarak, markan\u0131z\u0131n duygusal b\u00fct\u00fcnl\u00fc\u011f\u00fcn\u00fc dijital alanda da korur.<\/p>\n","protected":false},"excerpt":{"rendered":"<p>Veriyi Sezgiyle Birle\u015ftirerek Markay\u0131 \u00d6z\u00fcyle H\u0131zlama Pazarlama psikolojisi ve n\u00f6romarketing alan\u0131ndaki bilgi birikimimizi kullanarak, markan\u0131n dijitaldeki yol haritas\u0131n\u0131 \u00e7izeriz. \u0130\u00e7g\u00f6r\u00fclerden beslenen bir y\u00f6n belirleyerek, markan\u0131n ihtiya\u00e7lar\u0131na uygun stratejiler geli\u015ftiriyoruz. Stratejileri hayata ge\u00e7irerek somut ad\u0131mlar at\u0131yor ve elde edilen sonu\u00e7lar\u0131 d\u00fczenli olarak \u00f6l\u00e7\u00fcmleyerek geli\u015ftiriyoruz. Amac\u0131m\u0131z, markay\u0131 kendi \u00f6z\u00fcyle hizalamak ve dijitalde sadece g\u00f6r\u00fcn\u00fcr de\u011fil, ayn\u0131 zamanda &hellip; <\/p>\n<p class=\"link-more\"><a href=\"https:\/\/thisisinner.com\/?page_id=188\" class=\"more-link\">Read more<span class=\"screen-reader-text\"> &#8220;Dijital Strateji ve Analitik&#8221;<\/span><\/a><\/p>\n","protected":false},"author":1,"featured_media":400,"parent":0,"menu_order":0,"comment_status":"closed","ping_status":"closed","template":"","meta":{"footnotes":""},"class_list":["post-188","page","type-page","status-publish","has-post-thumbnail","hentry"],"_links":{"self":[{"href":"https:\/\/thisisinner.com\/index.php?rest_route=\/wp\/v2\/pages\/188","targetHints":{"allow":["GET"]}}],"collection":[{"href":"https:\/\/thisisinner.com\/index.php?rest_route=\/wp\/v2\/pages"}],"about":[{"href":"https:\/\/thisisinner.com\/index.php?rest_route=\/wp\/v2\/types\/page"}],"author":[{"embeddable":true,"href":"https:\/\/thisisinner.com\/index.php?rest_route=\/wp\/v2\/users\/1"}],"replies":[{"embeddable":true,"href":"https:\/\/thisisinner.com\/index.php?rest_route=%2Fwp%2Fv2%2Fcomments&post=188"}],"version-history":[{"count":4,"href":"https:\/\/thisisinner.com\/index.php?rest_route=\/wp\/v2\/pages\/188\/revisions"}],"predecessor-version":[{"id":247,"href":"https:\/\/thisisinner.com\/index.php?rest_route=\/wp\/v2\/pages\/188\/revisions\/247"}],"wp:featuredmedia":[{"embeddable":true,"href":"https:\/\/thisisinner.com\/index.php?rest_route=\/wp\/v2\/media\/400"}],"wp:attachment":[{"href":"https:\/\/thisisinner.com\/index.php?rest_route=%2Fwp%2Fv2%2Fmedia&parent=188"}],"curies":[{"name":"wp","href":"https:\/\/api.w.org\/{rel}","templated":true}]}}