{"id":187,"date":"2025-10-17T22:53:59","date_gmt":"2025-10-17T22:53:59","guid":{"rendered":"https:\/\/thisisinner.com\/?page_id=187"},"modified":"2025-10-19T19:28:08","modified_gmt":"2025-10-19T19:28:08","slug":"7-2","status":"publish","type":"page","link":"https:\/\/thisisinner.com\/?page_id=187","title":{"rendered":"Kreatif Kampanya"},"content":{"rendered":"\n<h3 class=\"wp-block-heading\">\u0130\u00e7g\u00f6r\u00fcyle Sezgiyi, Stratejiyle Duyguyu Bulu\u015fturuyoruz<\/h3>\n\n\n\n<p class=\"has-primary-color has-text-color has-link-color wp-elements-7f37aa73d60e93d90b715b927ee9830e\">Her marka i\u00e7in ayr\u0131 bir d\u00fc\u015f\u00fcnce evreni kurar\u0131z. Kreatif Kampanya s\u00fcrecimizde, i\u00e7g\u00f6r\u00fclerden beslenen stratejik y\u00f6n\u00fcm\u00fczden g\u00fc\u00e7 alarak, cesur, farkl\u0131 ve ak\u0131lda kal\u0131c\u0131 fikirler geli\u015ftiririz. Amac\u0131m\u0131z, markalar\u0131n sadece &#8216;<strong>ileti\u015fim yapan<\/strong>&#8216; de\u011fil, <strong>&#8216;hikaye anlatan&#8217;<\/strong> varl\u0131klara d\u00f6n\u00fc\u015fmesine rehberlik etmektir. Bu, i\u00e7g\u00f6r\u00fcyle sezgiyi; stratejiyle duyguyu; bilimle sanat\u0131 bulu\u015fturan bir yakla\u015f\u0131md\u0131r.<\/p>\n\n\n\n<p class=\"has-primary-color has-text-color has-link-color wp-elements-4dcf1c8124c4b0c5eec3a599df610ae0\">Bizim i\u00e7in &#8216;<strong>yarat\u0131c\u0131 olmak<\/strong>&#8216; sadece fikir \u00fcretmek de\u011fil, markan\u0131n i\u00e7 d\u00fcnyas\u0131na sezgisel bir bi\u00e7imde dokunabilmek demektir. Kampanyalar\u0131m\u0131z, markan\u0131n \u00f6z\u00fcn\u00fc parlatarak uzun vadeli marka hik\u00e2yeleri kurmay\u0131 hedefler. Haz\u0131r paketler, kal\u0131pla\u015fm\u0131\u015f \u00e7\u00f6z\u00fcmler veya tekrarlayan fikirler bizde yer bulmaz. Bu ortakl\u0131k s\u00fcrecinde, markan\u0131n ge\u00e7mi\u015fini, hedeflerini, de\u011ferlerini ve duygusal tonunu analiz ederiz, b\u00f6ylece kampanyalar\u0131m\u0131z sade, g\u00fc\u00e7l\u00fc ve zamans\u0131z bir estetikten beslenir; duygudan \u00f6d\u00fcn vermeyen bir tasar\u0131m anlay\u0131\u015f\u0131n\u0131 benimser.<\/p>\n","protected":false},"excerpt":{"rendered":"<p>\u0130\u00e7g\u00f6r\u00fcyle Sezgiyi, Stratejiyle Duyguyu Bulu\u015fturuyoruz Her marka i\u00e7in ayr\u0131 bir d\u00fc\u015f\u00fcnce evreni kurar\u0131z. Kreatif Kampanya s\u00fcrecimizde, i\u00e7g\u00f6r\u00fclerden beslenen stratejik y\u00f6n\u00fcm\u00fczden g\u00fc\u00e7 alarak, cesur, farkl\u0131 ve ak\u0131lda kal\u0131c\u0131 fikirler geli\u015ftiririz. Amac\u0131m\u0131z, markalar\u0131n sadece &#8216;ileti\u015fim yapan&#8216; de\u011fil, &#8216;hikaye anlatan&#8217; varl\u0131klara d\u00f6n\u00fc\u015fmesine rehberlik etmektir. Bu, i\u00e7g\u00f6r\u00fcyle sezgiyi; stratejiyle duyguyu; bilimle sanat\u0131 bulu\u015fturan bir yakla\u015f\u0131md\u0131r. Bizim i\u00e7in &#8216;yarat\u0131c\u0131 olmak&#8216; &hellip; <\/p>\n<p class=\"link-more\"><a href=\"https:\/\/thisisinner.com\/?page_id=187\" class=\"more-link\">Read more<span class=\"screen-reader-text\"> &#8220;Kreatif Kampanya&#8221;<\/span><\/a><\/p>\n","protected":false},"author":1,"featured_media":398,"parent":0,"menu_order":0,"comment_status":"closed","ping_status":"closed","template":"","meta":{"footnotes":""},"class_list":["post-187","page","type-page","status-publish","has-post-thumbnail","hentry"],"_links":{"self":[{"href":"https:\/\/thisisinner.com\/index.php?rest_route=\/wp\/v2\/pages\/187","targetHints":{"allow":["GET"]}}],"collection":[{"href":"https:\/\/thisisinner.com\/index.php?rest_route=\/wp\/v2\/pages"}],"about":[{"href":"https:\/\/thisisinner.com\/index.php?rest_route=\/wp\/v2\/types\/page"}],"author":[{"embeddable":true,"href":"https:\/\/thisisinner.com\/index.php?rest_route=\/wp\/v2\/users\/1"}],"replies":[{"embeddable":true,"href":"https:\/\/thisisinner.com\/index.php?rest_route=%2Fwp%2Fv2%2Fcomments&post=187"}],"version-history":[{"count":4,"href":"https:\/\/thisisinner.com\/index.php?rest_route=\/wp\/v2\/pages\/187\/revisions"}],"predecessor-version":[{"id":246,"href":"https:\/\/thisisinner.com\/index.php?rest_route=\/wp\/v2\/pages\/187\/revisions\/246"}],"wp:featuredmedia":[{"embeddable":true,"href":"https:\/\/thisisinner.com\/index.php?rest_route=\/wp\/v2\/media\/398"}],"wp:attachment":[{"href":"https:\/\/thisisinner.com\/index.php?rest_route=%2Fwp%2Fv2%2Fmedia&parent=187"}],"curies":[{"name":"wp","href":"https:\/\/api.w.org\/{rel}","templated":true}]}}