{"id":186,"date":"2025-10-17T22:53:59","date_gmt":"2025-10-17T22:53:59","guid":{"rendered":"https:\/\/thisisinner.com\/?page_id=186"},"modified":"2025-10-19T19:23:53","modified_gmt":"2025-10-19T19:23:53","slug":"6-2","status":"publish","type":"page","link":"https:\/\/thisisinner.com\/?page_id=186","title":{"rendered":"Medya \u0130leti\u015fimi"},"content":{"rendered":"\n<h3 class=\"wp-block-heading\"><strong>Stratejik Y\u00f6nle Markan\u0131z\u0131n Sesini G\u00fc\u00e7lendiriyoruz<\/strong><\/h3>\n\n\n\n<p class=\"has-primary-color has-text-color has-link-color wp-elements-7932f993b2bab4af9541eefa56d36a0a\">Medya \u0130leti\u015fimi, markan\u0131z\u0131n kimli\u011fini en do\u011fru \u015fekilde yans\u0131tmak ve sesini hedef kitlelere g\u00fc\u00e7l\u00fc bir \u015fekilde duyurmak i\u00e7in stratejik bir aland\u0131r<sup><\/sup>. Bizim i\u015fimiz, markan\u0131n i\u00e7indeki <strong>&#8216;\u00f6z\u00fc&#8217;<\/strong> bulmak ve en yarat\u0131c\u0131 \u015fekilde g\u00f6r\u00fcn\u00fcr k\u0131lmakt\u0131r<sup><\/sup>. Inner olarak, markan\u0131n kalbindeki o i\u00e7 sesi duymak, anlamak ve onu d\u00fcnyaya do\u011fru dille aktarmak uzmanl\u0131k alan\u0131m\u0131zd\u0131r.<\/p>\n\n\n\n<p class=\"has-primary-color has-text-color has-link-color wp-elements-433dfe6a2cb67ee03a45ccc4a88ffe66\">\u0130\u00e7g\u00f6r\u00fclerden beslenen bir y\u00f6n belirleyerek, bilimle sanat\u0131 bulu\u015fturan bir yakla\u015f\u0131mla, markan\u0131z\u0131n medyada sadece yer almas\u0131n\u0131 de\u011fil, <strong>do\u011fru ve etkili bir iz b\u0131rakmas\u0131n\u0131<\/strong> sa\u011fl\u0131yoruz. Di\u011fer ajanslardan farkl\u0131 olarak sizlere daha yak\u0131n ve ilgili bir yakla\u015f\u0131mla hizmet veriyor , b\u00f6ylece her projede en y\u00fcksek ba\u015far\u0131y\u0131 hedefliyoruz. Hizmetimizi haz\u0131r paketler olarak sunmak yerine, bir <strong>ortakl\u0131k anlay\u0131\u015f\u0131yla<\/strong> sunuyor , markan\u0131n \u00f6z\u00fcn\u00fc parlatarak hedef kitlesiyle daha derin bir ba\u011f kurmas\u0131n\u0131 sa\u011fl\u0131yoruz. Bu sayede, k\u0131sa vadeli kampanyalar yerine, <strong>uzun vadeli marka hikayeleri<\/strong> kurmay\u0131 hedefliyoruz.<\/p>\n\n\n\n<p><\/p>\n","protected":false},"excerpt":{"rendered":"<p>Stratejik Y\u00f6nle Markan\u0131z\u0131n Sesini G\u00fc\u00e7lendiriyoruz Medya \u0130leti\u015fimi, markan\u0131z\u0131n kimli\u011fini en do\u011fru \u015fekilde yans\u0131tmak ve sesini hedef kitlelere g\u00fc\u00e7l\u00fc bir \u015fekilde duyurmak i\u00e7in stratejik bir aland\u0131r. Bizim i\u015fimiz, markan\u0131n i\u00e7indeki &#8216;\u00f6z\u00fc&#8217; bulmak ve en yarat\u0131c\u0131 \u015fekilde g\u00f6r\u00fcn\u00fcr k\u0131lmakt\u0131r. Inner olarak, markan\u0131n kalbindeki o i\u00e7 sesi duymak, anlamak ve onu d\u00fcnyaya do\u011fru dille aktarmak uzmanl\u0131k alan\u0131m\u0131zd\u0131r. \u0130\u00e7g\u00f6r\u00fclerden &hellip; <\/p>\n<p class=\"link-more\"><a href=\"https:\/\/thisisinner.com\/?page_id=186\" class=\"more-link\">Read more<span class=\"screen-reader-text\"> &#8220;Medya \u0130leti\u015fimi&#8221;<\/span><\/a><\/p>\n","protected":false},"author":1,"featured_media":397,"parent":0,"menu_order":0,"comment_status":"closed","ping_status":"closed","template":"","meta":{"footnotes":""},"class_list":["post-186","page","type-page","status-publish","has-post-thumbnail","hentry"],"_links":{"self":[{"href":"https:\/\/thisisinner.com\/index.php?rest_route=\/wp\/v2\/pages\/186","targetHints":{"allow":["GET"]}}],"collection":[{"href":"https:\/\/thisisinner.com\/index.php?rest_route=\/wp\/v2\/pages"}],"about":[{"href":"https:\/\/thisisinner.com\/index.php?rest_route=\/wp\/v2\/types\/page"}],"author":[{"embeddable":true,"href":"https:\/\/thisisinner.com\/index.php?rest_route=\/wp\/v2\/users\/1"}],"replies":[{"embeddable":true,"href":"https:\/\/thisisinner.com\/index.php?rest_route=%2Fwp%2Fv2%2Fcomments&post=186"}],"version-history":[{"count":4,"href":"https:\/\/thisisinner.com\/index.php?rest_route=\/wp\/v2\/pages\/186\/revisions"}],"predecessor-version":[{"id":245,"href":"https:\/\/thisisinner.com\/index.php?rest_route=\/wp\/v2\/pages\/186\/revisions\/245"}],"wp:featuredmedia":[{"embeddable":true,"href":"https:\/\/thisisinner.com\/index.php?rest_route=\/wp\/v2\/media\/397"}],"wp:attachment":[{"href":"https:\/\/thisisinner.com\/index.php?rest_route=%2Fwp%2Fv2%2Fmedia&parent=186"}],"curies":[{"name":"wp","href":"https:\/\/api.w.org\/{rel}","templated":true}]}}