{"id":185,"date":"2025-10-17T22:53:59","date_gmt":"2025-10-17T22:53:59","guid":{"rendered":"https:\/\/thisisinner.com\/?page_id=185"},"modified":"2025-10-19T19:22:21","modified_gmt":"2025-10-19T19:22:21","slug":"5-2","status":"publish","type":"page","link":"https:\/\/thisisinner.com\/?page_id=185","title":{"rendered":"Influencer Marketing"},"content":{"rendered":"\n<h3 class=\"wp-block-heading\"><strong>Hikayenizi Samimi ve G\u00fcvenilir Seslerle B\u00fcy\u00fct\u00fcyoruz.<\/strong><\/h3>\n\n\n\n<p class=\"has-primary-color has-text-color has-link-color wp-elements-b1d8ea124e67a1edc333fcb8bc685f55\">Influencer Marketing&#8217;i sadece bir tan\u0131t\u0131m arac\u0131 olarak de\u011fil, markan\u0131n \u00f6z\u00fcn\u00fc ve hik\u00e2yesini do\u011fru dille aktaracak bir kanal olarak g\u00f6r\u00fcyoruz. Biz, haz\u0131r paketler sunmak yerine, markan\u0131n duygusal tonunu analiz ederek en uygun i\u015f ortaklar\u0131n\u0131 belirleriz. Amac\u0131m\u0131z, sadece yayg\u0131nl\u0131k de\u011fil, samimi ve g\u00fcvenilir bir ili\u015fki kurmakt\u0131r.<\/p>\n\n\n\n<p class=\"has-primary-color has-text-color has-link-color wp-elements-4bf899b2c3b7dcd65bc0e5fd6a0ff9c5\">Markalar\u0131n yan\u0131nda sadece bir hizmet sa\u011flay\u0131c\u0131 olarak de\u011fil, <strong>yol arkada\u015f\u0131 olarak<\/strong> yer almak i\u00e7in yola \u00e7\u0131kt\u0131k. Bu y\u00fczden markan\u0131z\u0131n en g\u00fc\u00e7l\u00fc y\u00f6nlerini parlatacak, ortakl\u0131k bilinciyle hareket eden bir yakla\u015f\u0131mla projeler geli\u015ftiririz. Bizim i\u00e7in Influencer Marketing, markan\u0131n sadece &#8216;<strong>ileti\u015fim yapan<\/strong>&#8216; de\u011fil, <strong>&#8216;hikaye anlatan&#8217;<\/strong> bir varl\u0131\u011fa d\u00f6n\u00fc\u015fmesine rehberlik etmenin bir yoludur. Bu alanda, i\u00e7g\u00f6r\u00fcyle sezgiyi, stratejiyle duyguyu bulu\u015fturarak, markan\u0131z\u0131n hedef kitlesiyle daha derin bir ba\u011f kurmas\u0131n\u0131 sa\u011fl\u0131yoruz.<\/p>\n\n\n\n<p><\/p>\n","protected":false},"excerpt":{"rendered":"<p>Hikayenizi Samimi ve G\u00fcvenilir Seslerle B\u00fcy\u00fct\u00fcyoruz. Influencer Marketing&#8217;i sadece bir tan\u0131t\u0131m arac\u0131 olarak de\u011fil, markan\u0131n \u00f6z\u00fcn\u00fc ve hik\u00e2yesini do\u011fru dille aktaracak bir kanal olarak g\u00f6r\u00fcyoruz. Biz, haz\u0131r paketler sunmak yerine, markan\u0131n duygusal tonunu analiz ederek en uygun i\u015f ortaklar\u0131n\u0131 belirleriz. Amac\u0131m\u0131z, sadece yayg\u0131nl\u0131k de\u011fil, samimi ve g\u00fcvenilir bir ili\u015fki kurmakt\u0131r. Markalar\u0131n yan\u0131nda sadece bir hizmet &hellip; <\/p>\n<p class=\"link-more\"><a href=\"https:\/\/thisisinner.com\/?page_id=185\" class=\"more-link\">Read more<span class=\"screen-reader-text\"> &#8220;Influencer Marketing&#8221;<\/span><\/a><\/p>\n","protected":false},"author":1,"featured_media":396,"parent":0,"menu_order":0,"comment_status":"closed","ping_status":"closed","template":"","meta":{"footnotes":""},"class_list":["post-185","page","type-page","status-publish","has-post-thumbnail","hentry"],"_links":{"self":[{"href":"https:\/\/thisisinner.com\/index.php?rest_route=\/wp\/v2\/pages\/185","targetHints":{"allow":["GET"]}}],"collection":[{"href":"https:\/\/thisisinner.com\/index.php?rest_route=\/wp\/v2\/pages"}],"about":[{"href":"https:\/\/thisisinner.com\/index.php?rest_route=\/wp\/v2\/types\/page"}],"author":[{"embeddable":true,"href":"https:\/\/thisisinner.com\/index.php?rest_route=\/wp\/v2\/users\/1"}],"replies":[{"embeddable":true,"href":"https:\/\/thisisinner.com\/index.php?rest_route=%2Fwp%2Fv2%2Fcomments&post=185"}],"version-history":[{"count":4,"href":"https:\/\/thisisinner.com\/index.php?rest_route=\/wp\/v2\/pages\/185\/revisions"}],"predecessor-version":[{"id":244,"href":"https:\/\/thisisinner.com\/index.php?rest_route=\/wp\/v2\/pages\/185\/revisions\/244"}],"wp:featuredmedia":[{"embeddable":true,"href":"https:\/\/thisisinner.com\/index.php?rest_route=\/wp\/v2\/media\/396"}],"wp:attachment":[{"href":"https:\/\/thisisinner.com\/index.php?rest_route=%2Fwp%2Fv2%2Fmedia&parent=185"}],"curies":[{"name":"wp","href":"https:\/\/api.w.org\/{rel}","templated":true}]}}