{"id":184,"date":"2025-10-17T22:53:59","date_gmt":"2025-10-17T22:53:59","guid":{"rendered":"https:\/\/thisisinner.com\/?page_id=184"},"modified":"2025-10-19T19:15:38","modified_gmt":"2025-10-19T19:15:38","slug":"4-2","status":"publish","type":"page","link":"https:\/\/thisisinner.com\/?page_id=184","title":{"rendered":"B2B &amp; B2C \u0130leti\u015fim"},"content":{"rendered":"\n<h3 class=\"wp-block-heading\">Markan\u0131n \u00d6z\u00fcne G\u00f6re \u015eekillenen \u0130leti\u015fim Mimarisi<\/h3>\n\n\n\n<p class=\"has-primary-color has-text-color has-link-color wp-elements-b3802813abc000b61795d822a08bc7b5\">\u0130ster i\u015f d\u00fcnyas\u0131na (B2B), ister son t\u00fcketiciye (B2C) sesleniyor olun; markan\u0131z\u0131n \u00f6z\u00fc ve duygusal tonu ileti\u015fiminizin temelini olu\u015fturur. Inner olarak, her markan\u0131n kendi \u00f6z\u00fcne ve ihtiya\u00e7lar\u0131na dair <strong>\u00f6zel \u00e7\u00f6z\u00fcmler geli\u015ftiriyoruz<\/strong><sup><\/sup>. Haz\u0131r paketler sunan bir ajans de\u011filiz <sup><\/sup>, markalar\u0131n vizyonuna ortak olan, yarat\u0131c\u0131 \u00e7\u00f6z\u00fcmler \u00fcreten bir i\u015f orta\u011f\u0131y\u0131z<sup><\/sup>.<\/p>\n\n\n\n<p class=\"has-primary-color has-text-color has-link-color wp-elements-f788d573375e2c9cbd45189a6f862497\">Her hedef kitle i\u00e7in ayr\u0131 bir d\u00fc\u015f\u00fcnce evreni kurar\u0131z, profesyonel ama i\u00e7ten, net ama iddias\u0131z bir dil kullan\u0131r\u0131z. Bizim i\u015fimiz, o \u00f6z\u00fc bulmak ve en yarat\u0131c\u0131 \u015fekilde g\u00f6r\u00fcn\u00fcr k\u0131lmak oldu\u011fu i\u00e7in, amac\u0131m\u0131z, markan\u0131n mesaj\u0131n\u0131 sadece iletmek de\u011fil, her iki alanda da kal\u0131c\u0131 ve g\u00fc\u00e7l\u00fc bir ba\u011f kurmas\u0131n\u0131 sa\u011flamakt\u0131r. Bu yakla\u015f\u0131m, i\u00e7g\u00f6r\u00fcyle sezgiyi, stratejiyle duyguyu, bilimle sanat\u0131 bulu\u015fturur. B\u00f6ylece markalar, sadece &#8216;ileti\u015fim yapan&#8217; de\u011fil, <strong>&#8216;hikaye anlatan&#8217;<\/strong> varl\u0131klara d\u00f6n\u00fc\u015f\u00fcr, kimliklerini en do\u011fru \u015fekilde yans\u0131t\u0131r ve seslerini hedef kitlelerine daha g\u00fc\u00e7l\u00fc bir \u015fekilde duyurur.<\/p>\n","protected":false},"excerpt":{"rendered":"<p>Markan\u0131n \u00d6z\u00fcne G\u00f6re \u015eekillenen \u0130leti\u015fim Mimarisi \u0130ster i\u015f d\u00fcnyas\u0131na (B2B), ister son t\u00fcketiciye (B2C) sesleniyor olun; markan\u0131z\u0131n \u00f6z\u00fc ve duygusal tonu ileti\u015fiminizin temelini olu\u015fturur. Inner olarak, her markan\u0131n kendi \u00f6z\u00fcne ve ihtiya\u00e7lar\u0131na dair \u00f6zel \u00e7\u00f6z\u00fcmler geli\u015ftiriyoruz. Haz\u0131r paketler sunan bir ajans de\u011filiz , markalar\u0131n vizyonuna ortak olan, yarat\u0131c\u0131 \u00e7\u00f6z\u00fcmler \u00fcreten bir i\u015f orta\u011f\u0131y\u0131z. Her hedef &hellip; <\/p>\n<p class=\"link-more\"><a href=\"https:\/\/thisisinner.com\/?page_id=184\" class=\"more-link\">Read more<span class=\"screen-reader-text\"> &#8220;B2B &amp; B2C \u0130leti\u015fim&#8221;<\/span><\/a><\/p>\n","protected":false},"author":1,"featured_media":394,"parent":0,"menu_order":0,"comment_status":"closed","ping_status":"closed","template":"","meta":{"footnotes":""},"class_list":["post-184","page","type-page","status-publish","has-post-thumbnail","hentry"],"_links":{"self":[{"href":"https:\/\/thisisinner.com\/index.php?rest_route=\/wp\/v2\/pages\/184","targetHints":{"allow":["GET"]}}],"collection":[{"href":"https:\/\/thisisinner.com\/index.php?rest_route=\/wp\/v2\/pages"}],"about":[{"href":"https:\/\/thisisinner.com\/index.php?rest_route=\/wp\/v2\/types\/page"}],"author":[{"embeddable":true,"href":"https:\/\/thisisinner.com\/index.php?rest_route=\/wp\/v2\/users\/1"}],"replies":[{"embeddable":true,"href":"https:\/\/thisisinner.com\/index.php?rest_route=%2Fwp%2Fv2%2Fcomments&post=184"}],"version-history":[{"count":4,"href":"https:\/\/thisisinner.com\/index.php?rest_route=\/wp\/v2\/pages\/184\/revisions"}],"predecessor-version":[{"id":243,"href":"https:\/\/thisisinner.com\/index.php?rest_route=\/wp\/v2\/pages\/184\/revisions\/243"}],"wp:featuredmedia":[{"embeddable":true,"href":"https:\/\/thisisinner.com\/index.php?rest_route=\/wp\/v2\/media\/394"}],"wp:attachment":[{"href":"https:\/\/thisisinner.com\/index.php?rest_route=%2Fwp%2Fv2%2Fmedia&parent=184"}],"curies":[{"name":"wp","href":"https:\/\/api.w.org\/{rel}","templated":true}]}}