{"id":183,"date":"2025-10-17T22:53:59","date_gmt":"2025-10-17T22:53:59","guid":{"rendered":"https:\/\/thisisinner.com\/?page_id=183"},"modified":"2025-10-19T19:10:12","modified_gmt":"2025-10-19T19:10:12","slug":"3-2","status":"publish","type":"page","link":"https:\/\/thisisinner.com\/?page_id=183","title":{"rendered":"PR \u0130leti\u015fim Y\u00f6netimi"},"content":{"rendered":"\n<h3 class=\"wp-block-heading\">Markan\u0131n \u00d6z\u00fcn\u00fc Parlatan Hikaye Anlat\u0131c\u0131l\u0131\u011f\u0131.<\/h3>\n\n\n\n<p class=\"has-primary-color has-text-color has-link-color wp-elements-f0407d2dc6a5afb26c0e92ba2e894a45\">Amac\u0131m\u0131z; markalar\u0131n kimliklerini en do\u011fru \u015fekilde yans\u0131tmak ve seslerini hedef kitlelerine daha g\u00fc\u00e7l\u00fc bir \u015fekilde duyurmakt\u0131r. PR \u0130leti\u015fim Y\u00f6netimi, markalar\u0131n sadece &#8216;ileti\u015fim yapan&#8217; de\u011fil, <strong>&#8216;hikaye anlatan&#8217;<\/strong> varl\u0131klara d\u00f6n\u00fc\u015fmesine rehberlik etmemizi sa\u011flar. Yarat\u0131c\u0131l\u0131\u011f\u0131m\u0131z\u0131 stratejik bir bi\u00e7imde aktararak, markan\u0131n i\u00e7 sesini en do\u011fru ve en etkili platformlarda g\u00f6r\u00fcn\u00fcr k\u0131l\u0131yoruz.<\/p>\n\n\n\n<p class=\"has-primary-color has-text-color has-link-color wp-elements-90e9b77b65cdf2f3ef753af1e811d5d7\">Biz, markalar\u0131n ekibine dahil olan , esnek, samimi ve \u00f6zg\u00fcn bir dan\u0131\u015fmanl\u0131k modeliyle \u00e7al\u0131\u015f\u0131r\u0131z. Birlikte d\u00fc\u015f\u00fcnen, \u00fcreten ve ger\u00e7ekten ortakl\u0131k bilinciyle hareket eden yap\u0131m\u0131z sayesinde , markalar\u0131n yan\u0131nda sadece bir hizmet sa\u011flay\u0131c\u0131 olarak de\u011fil, <strong>yol arkada\u015f\u0131 olarak<\/strong> yer al\u0131yoruz. Bu s\u00fcre\u00e7te, markan\u0131n duygusal tonunu ve de\u011ferlerini analiz ederek, hedef kitlenin kalbine dokunacak uzun vadeli marka hikayeleri kurmay\u0131 hedefleriz. Bizim i\u00e7in PR, sadece bir medya ili\u015fkisi de\u011fil; markan\u0131n \u00f6z\u00fcn\u00fc ortaya \u00e7\u0131kararak, onu yaln\u0131zca g\u00f6r\u00fcn\u00fcr k\u0131lmakla kalmay\u0131p , en g\u00fc\u00e7l\u00fc y\u00f6nlerini parlatarak hedef kitlesiyle daha derin bir ba\u011f kurmas\u0131n\u0131 sa\u011flamakt\u0131r.<\/p>\n\n\n\n<p><\/p>\n","protected":false},"excerpt":{"rendered":"<p>Markan\u0131n \u00d6z\u00fcn\u00fc Parlatan Hikaye Anlat\u0131c\u0131l\u0131\u011f\u0131. Amac\u0131m\u0131z; markalar\u0131n kimliklerini en do\u011fru \u015fekilde yans\u0131tmak ve seslerini hedef kitlelerine daha g\u00fc\u00e7l\u00fc bir \u015fekilde duyurmakt\u0131r. PR \u0130leti\u015fim Y\u00f6netimi, markalar\u0131n sadece &#8216;ileti\u015fim yapan&#8217; de\u011fil, &#8216;hikaye anlatan&#8217; varl\u0131klara d\u00f6n\u00fc\u015fmesine rehberlik etmemizi sa\u011flar. Yarat\u0131c\u0131l\u0131\u011f\u0131m\u0131z\u0131 stratejik bir bi\u00e7imde aktararak, markan\u0131n i\u00e7 sesini en do\u011fru ve en etkili platformlarda g\u00f6r\u00fcn\u00fcr k\u0131l\u0131yoruz. Biz, markalar\u0131n ekibine &hellip; <\/p>\n<p class=\"link-more\"><a href=\"https:\/\/thisisinner.com\/?page_id=183\" class=\"more-link\">Read more<span class=\"screen-reader-text\"> &#8220;PR \u0130leti\u015fim Y\u00f6netimi&#8221;<\/span><\/a><\/p>\n","protected":false},"author":1,"featured_media":391,"parent":0,"menu_order":0,"comment_status":"closed","ping_status":"closed","template":"","meta":{"footnotes":""},"class_list":["post-183","page","type-page","status-publish","has-post-thumbnail","hentry"],"_links":{"self":[{"href":"https:\/\/thisisinner.com\/index.php?rest_route=\/wp\/v2\/pages\/183","targetHints":{"allow":["GET"]}}],"collection":[{"href":"https:\/\/thisisinner.com\/index.php?rest_route=\/wp\/v2\/pages"}],"about":[{"href":"https:\/\/thisisinner.com\/index.php?rest_route=\/wp\/v2\/types\/page"}],"author":[{"embeddable":true,"href":"https:\/\/thisisinner.com\/index.php?rest_route=\/wp\/v2\/users\/1"}],"replies":[{"embeddable":true,"href":"https:\/\/thisisinner.com\/index.php?rest_route=%2Fwp%2Fv2%2Fcomments&post=183"}],"version-history":[{"count":5,"href":"https:\/\/thisisinner.com\/index.php?rest_route=\/wp\/v2\/pages\/183\/revisions"}],"predecessor-version":[{"id":377,"href":"https:\/\/thisisinner.com\/index.php?rest_route=\/wp\/v2\/pages\/183\/revisions\/377"}],"wp:featuredmedia":[{"embeddable":true,"href":"https:\/\/thisisinner.com\/index.php?rest_route=\/wp\/v2\/media\/391"}],"wp:attachment":[{"href":"https:\/\/thisisinner.com\/index.php?rest_route=%2Fwp%2Fv2%2Fmedia&parent=183"}],"curies":[{"name":"wp","href":"https:\/\/api.w.org\/{rel}","templated":true}]}}