{"id":181,"date":"2025-10-17T22:53:59","date_gmt":"2025-10-17T22:53:59","guid":{"rendered":"https:\/\/thisisinner.com\/?page_id=181"},"modified":"2025-10-18T00:10:46","modified_gmt":"2025-10-18T00:10:46","slug":"a","status":"publish","type":"page","link":"https:\/\/thisisinner.com\/?page_id=181","title":{"rendered":"Etkinlik Deneyim Tasar\u0131m\u0131"},"content":{"rendered":"\n<h3 class=\"wp-block-heading\"><strong>Markay\u0131 Kalpten Hisseden, Unutulmaz Yolculuklar Yarat\u0131yoruz<\/strong><\/h3>\n\n\n\n<p class=\"has-primary-color has-text-color has-link-color wp-elements-4b402a46145b677c687068248e4a8c82\">Markan\u0131z\u0131n sadece g\u00f6r\u00fcnen y\u00fcz\u00fcn\u00fc de\u011fil, kalbindeki <strong>&#8216;\u00f6z\u00fc&#8217;<\/strong> ortaya \u00e7\u0131kar\u0131yoruz. Bizce yarat\u0131c\u0131 olmak, fikir \u00fcretmek de\u011fil, markan\u0131n i\u00e7 d\u00fcnyas\u0131na sezgisel bir bi\u00e7imde dokunabilmektir. Bu hizmette, markan\u0131z\u0131n ge\u00e7mi\u015fini, hedeflerini ve duygusal tonunu analiz ederek i\u00e7g\u00f6r\u00fcden beslenen bir y\u00f6n belirliyoruz. Amac\u0131m\u0131z, markay\u0131 kendi \u00f6z\u00fcyle hizalamak ve onu sadece &#8220;ileti\u015fim yapan&#8221; de\u011fil, <strong>&#8220;hikaye anlatan&#8221;<\/strong> bir varl\u0131\u011fa d\u00f6n\u00fc\u015ft\u00fcrmektir.<\/p>\n\n\n\n<p class=\"has-primary-color has-text-color has-link-color wp-elements-3dea6612d487b8b51c6fced3b8eedf5e\">Markalar\u0131n kalbinde, genellikle g\u00f6r\u00fcnmeyen ama hissedilen bir i\u00e7 ses vard\u0131r. O sesi duymak, o sesi anlamak ve onu d\u00fcnyaya do\u011fru dille aktarmak bizim uzmanl\u0131k alan\u0131m\u0131zd\u0131r. Bu nedenle, hizmetimizi sizlere haz\u0131r paketler olarak sunmak yerine; bir <strong>ortakl\u0131k anlay\u0131\u015f\u0131yla<\/strong> sunuyoruz<sup><\/sup>. Markan\u0131n \u00f6z\u00fcn\u00fc ortaya \u00e7\u0131kararak, onu yaln\u0131zca g\u00f6r\u00fcn\u00fcr k\u0131lmakla kalm\u0131yor; en g\u00fc\u00e7l\u00fc y\u00f6nlerini parlat\u0131yor, hedef kitlesiyle daha derin bir ba\u011f kurmas\u0131n\u0131 sa\u011fl\u0131yoruz<sup><\/sup>. Bu uzun vadeli vizyon, markan\u0131z\u0131n gelecekte T\u00fcrkiye\u2019de <strong>&#8216;\u00f6z ke\u015ffi&#8217;<\/strong> denince akla gelen yarat\u0131c\u0131 dan\u0131\u015fmanl\u0131k st\u00fcdyosu olmas\u0131n\u0131 desteklemektedir.<\/p>\n\n\n\n<p><\/p>\n","protected":false},"excerpt":{"rendered":"<p>Markay\u0131 Kalpten Hisseden, Unutulmaz Yolculuklar Yarat\u0131yoruz Markan\u0131z\u0131n sadece g\u00f6r\u00fcnen y\u00fcz\u00fcn\u00fc de\u011fil, kalbindeki &#8216;\u00f6z\u00fc&#8217; ortaya \u00e7\u0131kar\u0131yoruz. Bizce yarat\u0131c\u0131 olmak, fikir \u00fcretmek de\u011fil, markan\u0131n i\u00e7 d\u00fcnyas\u0131na sezgisel bir bi\u00e7imde dokunabilmektir. Bu hizmette, markan\u0131z\u0131n ge\u00e7mi\u015fini, hedeflerini ve duygusal tonunu analiz ederek i\u00e7g\u00f6r\u00fcden beslenen bir y\u00f6n belirliyoruz. Amac\u0131m\u0131z, markay\u0131 kendi \u00f6z\u00fcyle hizalamak ve onu sadece &#8220;ileti\u015fim yapan&#8221; de\u011fil, &#8220;hikaye &hellip; <\/p>\n<p class=\"link-more\"><a href=\"https:\/\/thisisinner.com\/?page_id=181\" class=\"more-link\">Read more<span class=\"screen-reader-text\"> &#8220;Etkinlik Deneyim Tasar\u0131m\u0131&#8221;<\/span><\/a><\/p>\n","protected":false},"author":1,"featured_media":70,"parent":0,"menu_order":0,"comment_status":"closed","ping_status":"closed","template":"","meta":{"footnotes":""},"class_list":["post-181","page","type-page","status-publish","has-post-thumbnail","hentry"],"_links":{"self":[{"href":"https:\/\/thisisinner.com\/index.php?rest_route=\/wp\/v2\/pages\/181","targetHints":{"allow":["GET"]}}],"collection":[{"href":"https:\/\/thisisinner.com\/index.php?rest_route=\/wp\/v2\/pages"}],"about":[{"href":"https:\/\/thisisinner.com\/index.php?rest_route=\/wp\/v2\/types\/page"}],"author":[{"embeddable":true,"href":"https:\/\/thisisinner.com\/index.php?rest_route=\/wp\/v2\/users\/1"}],"replies":[{"embeddable":true,"href":"https:\/\/thisisinner.com\/index.php?rest_route=%2Fwp%2Fv2%2Fcomments&post=181"}],"version-history":[{"count":5,"href":"https:\/\/thisisinner.com\/index.php?rest_route=\/wp\/v2\/pages\/181\/revisions"}],"predecessor-version":[{"id":248,"href":"https:\/\/thisisinner.com\/index.php?rest_route=\/wp\/v2\/pages\/181\/revisions\/248"}],"wp:featuredmedia":[{"embeddable":true,"href":"https:\/\/thisisinner.com\/index.php?rest_route=\/wp\/v2\/media\/70"}],"wp:attachment":[{"href":"https:\/\/thisisinner.com\/index.php?rest_route=%2Fwp%2Fv2%2Fmedia&parent=181"}],"curies":[{"name":"wp","href":"https:\/\/api.w.org\/{rel}","templated":true}]}}