{"id":10,"date":"2025-09-29T19:12:21","date_gmt":"2025-09-29T19:12:21","guid":{"rendered":"https:\/\/thisisinner.com\/?page_id=10"},"modified":"2025-10-19T19:32:49","modified_gmt":"2025-10-19T19:32:49","slug":"contact-2","status":"publish","type":"page","link":"https:\/\/thisisinner.com\/?page_id=10","title":{"rendered":"\u0130leti\u015fim"},"content":{"rendered":"\n<div class=\"wp-block-group has-global-padding is-layout-constrained wp-block-group-is-layout-constrained\">\n<div class=\"wp-block-columns are-vertically-aligned-top is-layout-flex wp-container-core-columns-is-layout-d7d455e7 wp-block-columns-is-layout-flex\" style=\"padding-top:0;padding-right:0;padding-bottom:0;padding-left:0\">\n<div class=\"wp-block-column is-vertically-aligned-top is-layout-flow wp-block-column-is-layout-flow\" style=\"padding-right:7%;flex-basis:50%\">\n<p class=\"has-secondary-color has-text-color\">Bize Ula\u015f\u0131n!<\/p>\n\n\n\n<h2 class=\"wp-block-heading has-large-font-size\">Sizin \u0130\u00e7 Sesinizle Bulu\u015fmaya Haz\u0131r\u0131z!<\/h2>\n<\/div>\n<\/div>\n\n\n\n<p class=\"has-primary-color has-text-color has-link-color wp-elements-5a13674be54ba0dff241690f69ce86df\">Markan\u0131z\u0131n kalbindeki o &#8216;i\u00e7 sesi&#8217; birlikte ke\u015ffetmek i\u00e7in buraday\u0131z. Inner, standart bir ajans de\u011fil, bir fikir laboratuvar\u0131 ve yarat\u0131c\u0131 zihin kolektifidir. Hakk\u0131m\u0131zda detayl\u0131 bilgi almak veya akl\u0131n\u0131za tak\u0131lan sorular i\u00e7in a\u015fa\u011f\u0131daki ileti\u015fim kanallar\u0131ndan bize ula\u015fabilirsiniz. Sadece y\u00f6netmek de\u011fil, <strong>birlikte \u00fcretmek, b\u00fcy\u00fcmek ve geli\u015fmek<\/strong> i\u00e7in sab\u0131rs\u0131zlan\u0131yoruz.<\/p>\n<\/div>\n\n\n\n<hr class=\"wp-block-separator has-text-color has-primary-color has-alpha-channel-opacity has-primary-background-color has-background\"\/>\n\n\n\n<div class=\"wp-block-group alignfull has-global-padding is-layout-constrained wp-container-core-group-is-layout-19e250f3 wp-block-group-is-layout-constrained\">\n<div class=\"wp-block-columns alignfull are-vertically-aligned-center has-light-background-background-color has-background is-layout-flex wp-container-core-columns-is-layout-dd282781 wp-block-columns-is-layout-flex\" style=\"padding-top:0;padding-right:0;padding-bottom:0;padding-left:0\">\n<div class=\"wp-block-column is-vertically-aligned-center map-grayscale is-layout-flow wp-block-column-is-layout-flow\" style=\"flex-basis:50%\">\n<figure class=\"wp-block-image size-large\"><img loading=\"lazy\" decoding=\"async\" width=\"1024\" height=\"1024\" src=\"https:\/\/thisisinner.com\/wp-content\/uploads\/2025\/10\/Adsiz-tasarim-23-1024x1024.png\" alt=\"\" class=\"wp-image-299\" srcset=\"https:\/\/thisisinner.com\/wp-content\/uploads\/2025\/10\/Adsiz-tasarim-23-1024x1024.png 1024w, https:\/\/thisisinner.com\/wp-content\/uploads\/2025\/10\/Adsiz-tasarim-23-300x300.png 300w, https:\/\/thisisinner.com\/wp-content\/uploads\/2025\/10\/Adsiz-tasarim-23-150x150.png 150w, https:\/\/thisisinner.com\/wp-content\/uploads\/2025\/10\/Adsiz-tasarim-23.png 2000w\" sizes=\"auto, (max-width: 1024px) 100vw, 1024px\" \/><\/figure>\n<\/div>\n\n\n\n<div class=\"wp-block-column is-vertically-aligned-center is-layout-flow wp-block-column-is-layout-flow\" style=\"padding-top:var(--wp--preset--spacing--small);padding-right:var(--wp--preset--spacing--small);padding-bottom:var(--wp--preset--spacing--small);padding-left:2%;flex-basis:50%\">\n<h3 class=\"wp-block-heading has-large-font-size\">\u0130leti\u015fim Kanallar\u0131<\/h3>\n\n\n\n<p><\/p>\n\n\n\n<h3 class=\"wp-block-heading\"><strong>Adres<\/strong><\/h3>\n\n\n\n<p class=\"has-primary-color has-text-color has-link-color wp-elements-0db54d5662486b028ca71429865c5640\">\u0130stanbul\/\u015ei\u015fli<\/p>\n\n\n\n<h3 class=\"wp-block-heading\"><strong>E-mail<\/strong><\/h3>\n\n\n\n<p class=\"has-primary-color has-text-color has-link-color wp-elements-a739ba02f62af506734d3efd291cd92e\">yagiz@thisisinner.com<\/p>\n<\/div>\n<\/div>\n<\/div>\n","protected":false},"excerpt":{"rendered":"<p>Bize Ula\u015f\u0131n! Sizin \u0130\u00e7 Sesinizle Bulu\u015fmaya Haz\u0131r\u0131z! Markan\u0131z\u0131n kalbindeki o &#8216;i\u00e7 sesi&#8217; birlikte ke\u015ffetmek i\u00e7in buraday\u0131z. Inner, standart bir ajans de\u011fil, bir fikir laboratuvar\u0131 ve yarat\u0131c\u0131 zihin kolektifidir. Hakk\u0131m\u0131zda detayl\u0131 bilgi almak veya akl\u0131n\u0131za tak\u0131lan sorular i\u00e7in a\u015fa\u011f\u0131daki ileti\u015fim kanallar\u0131ndan bize ula\u015fabilirsiniz. Sadece y\u00f6netmek de\u011fil, birlikte \u00fcretmek, b\u00fcy\u00fcmek ve geli\u015fmek i\u00e7in sab\u0131rs\u0131zlan\u0131yoruz. \u0130leti\u015fim Kanallar\u0131 Adres &hellip; <\/p>\n<p class=\"link-more\"><a href=\"https:\/\/thisisinner.com\/?page_id=10\" class=\"more-link\">Read more<span class=\"screen-reader-text\"> &#8220;\u0130leti\u015fim&#8221;<\/span><\/a><\/p>\n","protected":false},"author":1,"featured_media":401,"parent":0,"menu_order":0,"comment_status":"closed","ping_status":"closed","template":"","meta":{"footnotes":""},"class_list":["post-10","page","type-page","status-publish","has-post-thumbnail","hentry"],"_links":{"self":[{"href":"https:\/\/thisisinner.com\/index.php?rest_route=\/wp\/v2\/pages\/10","targetHints":{"allow":["GET"]}}],"collection":[{"href":"https:\/\/thisisinner.com\/index.php?rest_route=\/wp\/v2\/pages"}],"about":[{"href":"https:\/\/thisisinner.com\/index.php?rest_route=\/wp\/v2\/types\/page"}],"author":[{"embeddable":true,"href":"https:\/\/thisisinner.com\/index.php?rest_route=\/wp\/v2\/users\/1"}],"replies":[{"embeddable":true,"href":"https:\/\/thisisinner.com\/index.php?rest_route=%2Fwp%2Fv2%2Fcomments&post=10"}],"version-history":[{"count":4,"href":"https:\/\/thisisinner.com\/index.php?rest_route=\/wp\/v2\/pages\/10\/revisions"}],"predecessor-version":[{"id":300,"href":"https:\/\/thisisinner.com\/index.php?rest_route=\/wp\/v2\/pages\/10\/revisions\/300"}],"wp:featuredmedia":[{"embeddable":true,"href":"https:\/\/thisisinner.com\/index.php?rest_route=\/wp\/v2\/media\/401"}],"wp:attachment":[{"href":"https:\/\/thisisinner.com\/index.php?rest_route=%2Fwp%2Fv2%2Fmedia&parent=10"}],"curies":[{"name":"wp","href":"https:\/\/api.w.org\/{rel}","templated":true}]}}